{"id":93,"date":"2024-04-24T13:47:46","date_gmt":"2024-04-24T13:47:46","guid":{"rendered":"https:\/\/casadogonzalez.com\/?page_id=93"},"modified":"2024-05-16T07:38:36","modified_gmt":"2024-05-16T07:38:36","slug":"nosotros","status":"publish","type":"page","link":"https:\/\/casadogonzalez.com\/?page_id=93","title":{"rendered":"Nosotros"},"content":{"rendered":"\t\t<div data-elementor-type=\"wp-page\" data-elementor-id=\"93\" class=\"elementor elementor-93\" data-elementor-post-type=\"page\">\n\t\t\t\t<div class=\"elementor-element elementor-element-40f7773 e-flex e-con-boxed e-con e-parent\" data-id=\"40f7773\" data-element_type=\"container\" data-settings=\"{&quot;background_background&quot;:&quot;video&quot;,&quot;background_video_link&quot;:&quot;http:\\\/\\\/casadogonzalez.com\\\/wp-content\\\/uploads\\\/2024\\\/05\\\/VIDEO-HOME_V2.mp4&quot;}\">\n\t\t\t\t\t<div class=\"e-con-inner\">\n\t\t<div class=\"elementor-background-video-container elementor-hidden-phone\">\n\t\t\t\t\t\t\t<video class=\"elementor-background-video-hosted elementor-html5-video\" autoplay muted playsinline loop><\/video>\n\t\t\t\t\t<\/div><div class=\"elementor-element elementor-element-979377d e-flex e-con-boxed e-con e-child\" data-id=\"979377d\" data-element_type=\"container\">\n\t\t\t\t\t<div class=\"e-con-inner\">\n\t\t<div class=\"elementor-element elementor-element-95dfd3c e-con-full e-flex e-con e-child\" data-id=\"95dfd3c\" data-element_type=\"container\">\n\t\t\t\t<div class=\"elementor-element elementor-element-852cb2e elementor-widget elementor-widget-heading\" data-id=\"852cb2e\" data-element_type=\"widget\" data-widget_type=\"heading.default\">\n\t\t\t\t<div class=\"elementor-widget-container\">\n\t\t\t<style>\/*! elementor - v3.23.0 - 05-08-2024 *\/\n.elementor-heading-title{padding:0;margin:0;line-height:1}.elementor-widget-heading .elementor-heading-title[class*=elementor-size-]>a{color:inherit;font-size:inherit;line-height:inherit}.elementor-widget-heading .elementor-heading-title.elementor-size-small{font-size:15px}.elementor-widget-heading .elementor-heading-title.elementor-size-medium{font-size:19px}.elementor-widget-heading .elementor-heading-title.elementor-size-large{font-size:29px}.elementor-widget-heading .elementor-heading-title.elementor-size-xl{font-size:39px}.elementor-widget-heading .elementor-heading-title.elementor-size-xxl{font-size:59px}<\/style><h2 class=\"elementor-heading-title elementor-size-default\">Ana Casado<\/h2>\t\t<\/div>\n\t\t\t\t<\/div>\n\t\t\t\t<div class=\"elementor-element elementor-element-32c997f elementor-widget elementor-widget-heading\" data-id=\"32c997f\" data-element_type=\"widget\" data-widget_type=\"heading.default\">\n\t\t\t\t<div class=\"elementor-widget-container\">\n\t\t\t<p class=\"elementor-heading-title elementor-size-default\">Co-founder & becaria<\/p>\t\t<\/div>\n\t\t\t\t<\/div>\n\t\t\t\t<\/div>\n\t\t<div class=\"elementor-element elementor-element-5d6a7e8 e-con-full e-flex e-con e-child\" data-id=\"5d6a7e8\" data-element_type=\"container\">\n\t\t\t\t<div class=\"elementor-element elementor-element-fbe7941 elementor-widget elementor-widget-heading\" data-id=\"fbe7941\" data-element_type=\"widget\" data-widget_type=\"heading.default\">\n\t\t\t\t<div class=\"elementor-widget-container\">\n\t\t\t<h2 class=\"elementor-heading-title elementor-size-default\">Eduardo Gonz\u00e1lez<\/h2>\t\t<\/div>\n\t\t\t\t<\/div>\n\t\t\t\t<div class=\"elementor-element elementor-element-7247ada elementor-widget elementor-widget-heading\" data-id=\"7247ada\" data-element_type=\"widget\" data-widget_type=\"heading.default\">\n\t\t\t\t<div class=\"elementor-widget-container\">\n\t\t\t<p class=\"elementor-heading-title elementor-size-default\">Co-founder & becario<\/p>\t\t<\/div>\n\t\t\t\t<\/div>\n\t\t\t\t<\/div>\n\t\t\t\t\t<\/div>\n\t\t\t\t<\/div>\n\t\t<div class=\"elementor-element elementor-element-2b8ca3e e-flex e-con-boxed e-con e-child\" data-id=\"2b8ca3e\" data-element_type=\"container\">\n\t\t\t\t\t<div class=\"e-con-inner\">\n\t\t<div class=\"elementor-element elementor-element-e95d568 e-con-full e-flex e-con e-child\" data-id=\"e95d568\" data-element_type=\"container\">\n\t\t\t\t<div class=\"elementor-element elementor-element-fe475c7 elementor-widget elementor-widget-heading\" data-id=\"fe475c7\" data-element_type=\"widget\" data-widget_type=\"heading.default\">\n\t\t\t\t<div class=\"elementor-widget-container\">\n\t\t\t<p class=\"elementor-heading-title elementor-size-default\">Casado Gonz\u00e1lez es una newsletter que se manda cada luna llena. En ella, te contamos todo lo que nos parece superinteresante.<\/p>\t\t<\/div>\n\t\t\t\t<\/div>\n\t\t\t\t<div class=\"elementor-element elementor-element-e236089 elementor-widget elementor-widget-heading\" data-id=\"e236089\" data-element_type=\"widget\" data-widget_type=\"heading.default\">\n\t\t\t\t<div class=\"elementor-widget-container\">\n\t\t\t<p class=\"elementor-heading-title elementor-size-default\">Cada edici\u00f3n de Casado Gonz\u00e1lez incluir\u00e1 art\u00edculos sobre temas como: gastronom\u00eda, tecnolog\u00eda, arte, cultura, entretenimiento... Tambi\u00e9n compartiremos noticias relevantes, eventos destacados y lo que no falta nunca, nuestro disco del mes.<\/p>\t\t<\/div>\n\t\t\t\t<\/div>\n\t\t\t\t<\/div>\n\t\t<div class=\"elementor-element elementor-element-9326e10 e-con-full e-flex e-con e-child\" data-id=\"9326e10\" data-element_type=\"container\">\n\t\t\t\t<div class=\"elementor-element elementor-element-1bc057a elementor-widget elementor-widget-heading\" data-id=\"1bc057a\" data-element_type=\"widget\" data-widget_type=\"heading.default\">\n\t\t\t\t<div class=\"elementor-widget-container\">\n\t\t\t<p class=\"elementor-heading-title elementor-size-default\">La idea es que descubras cosas que quiz\u00e1s no sab\u00edas y que posiblemente no te sirvan para nada. Lo que est\u00e1 claro es nosotros preferimos dosificarlo una vez al mes que tenerlo extraviado en la barra de favoritos.<\/p>\t\t<\/div>\n\t\t\t\t<\/div>\n\t\t\t\t<div class=\"elementor-element elementor-element-563824c elementor-widget elementor-widget-heading\" data-id=\"563824c\" data-element_type=\"widget\" data-widget_type=\"heading.default\">\n\t\t\t\t<div class=\"elementor-widget-container\">\n\t\t\t<p class=\"elementor-heading-title elementor-size-default\">Si te mola la idea de estar siempre al d\u00eda y recibir contenido exclusivo, \u00a1suscr\u00edbete a Casado Gonz\u00e1lez!<\/p>\t\t<\/div>\n\t\t\t\t<\/div>\n\t\t\t\t<\/div>\n\t\t\t\t\t<\/div>\n\t\t\t\t<\/div>\n\t\t\t\t\t<\/div>\n\t\t\t\t<\/div>\n\t\t\t\t<\/div>\n\t\t","protected":false},"excerpt":{"rendered":"<p>Ana Casado Co-founder &#038; becaria Eduardo Gonz\u00e1lez Co-founder &#038; becario Casado Gonz\u00e1lez es una newsletter que se manda cada luna llena. En ella, te contamos todo lo que nos parece superinteresante. Cada edici\u00f3n de Casado Gonz\u00e1lez incluir\u00e1 art\u00edculos sobre temas como: gastronom\u00eda, tecnolog\u00eda, arte, cultura, entretenimiento&#8230; Tambi\u00e9n compartiremos noticias relevantes, eventos destacados y lo que [&hellip;]<\/p>\n","protected":false},"author":2,"featured_media":0,"parent":0,"menu_order":0,"comment_status":"closed","ping_status":"closed","template":"elementor_header_footer","meta":{"footnotes":""},"class_list":["post-93","page","type-page","status-publish","hentry"],"yoast_head":"<!-- This site is optimized with the Yoast SEO plugin v23.2 - https:\/\/yoast.com\/wordpress\/plugins\/seo\/ -->\n<title>Sobre nosotros | Casado Gonzalez S.L.<\/title>\n<meta name=\"description\" content=\"Casado Gonz\u00e1lez es una newsletter que se manda cada luna llena. En ella, te contamos todo lo que nos parece superinteresante.\" \/>\n<meta name=\"robots\" content=\"index, follow, max-snippet:-1, max-image-preview:large, max-video-preview:-1\" \/>\n<link rel=\"canonical\" href=\"https:\/\/casadogonzalez.com\/?page_id=93\" \/>\n<meta property=\"og:locale\" content=\"es_ES\" \/>\n<meta property=\"og:type\" content=\"article\" \/>\n<meta property=\"og:title\" content=\"Sobre nosotros | Casado Gonzalez S.L.\" \/>\n<meta property=\"og:description\" content=\"Casado Gonz\u00e1lez es una newsletter que se manda cada luna llena. En ella, te contamos todo lo que nos parece superinteresante.\" \/>\n<meta property=\"og:url\" content=\"https:\/\/casadogonzalez.com\/?page_id=93\" \/>\n<meta property=\"og:site_name\" content=\"Casado Gonzalez S.L.\" \/>\n<meta property=\"article:modified_time\" content=\"2024-05-16T07:38:36+00:00\" \/>\n<meta name=\"twitter:card\" content=\"summary_large_image\" \/>\n<meta name=\"twitter:label1\" content=\"Tiempo de lectura\" \/>\n\t<meta name=\"twitter:data1\" content=\"1 minuto\" \/>\n<script type=\"application\/ld+json\" class=\"yoast-schema-graph\">{\"@context\":\"https:\/\/schema.org\",\"@graph\":[{\"@type\":\"WebPage\",\"@id\":\"https:\/\/casadogonzalez.com\/?page_id=93\",\"url\":\"https:\/\/casadogonzalez.com\/?page_id=93\",\"name\":\"Sobre nosotros | Casado Gonzalez S.L.\",\"isPartOf\":{\"@id\":\"https:\/\/casadogonzalez.com\/#website\"},\"datePublished\":\"2024-04-24T13:47:46+00:00\",\"dateModified\":\"2024-05-16T07:38:36+00:00\",\"description\":\"Casado Gonz\u00e1lez es una newsletter que se manda cada luna llena. En ella, te contamos todo lo que nos parece superinteresante.\",\"breadcrumb\":{\"@id\":\"https:\/\/casadogonzalez.com\/?page_id=93#breadcrumb\"},\"inLanguage\":\"es\",\"potentialAction\":[{\"@type\":\"ReadAction\",\"target\":[\"https:\/\/casadogonzalez.com\/?page_id=93\"]}]},{\"@type\":\"BreadcrumbList\",\"@id\":\"https:\/\/casadogonzalez.com\/?page_id=93#breadcrumb\",\"itemListElement\":[{\"@type\":\"ListItem\",\"position\":1,\"name\":\"Portada\",\"item\":\"https:\/\/casadogonzalez.com\/\"},{\"@type\":\"ListItem\",\"position\":2,\"name\":\"Nosotros\"}]},{\"@type\":\"WebSite\",\"@id\":\"https:\/\/casadogonzalez.com\/#website\",\"url\":\"https:\/\/casadogonzalez.com\/\",\"name\":\"Casado Gonzalez S.L.\",\"description\":\"La newsletter que no necesitas\",\"potentialAction\":[{\"@type\":\"SearchAction\",\"target\":{\"@type\":\"EntryPoint\",\"urlTemplate\":\"https:\/\/casadogonzalez.com\/?s={search_term_string}\"},\"query-input\":\"required name=search_term_string\"}],\"inLanguage\":\"es\"}]}<\/script>\n<!-- \/ Yoast SEO plugin. -->","yoast_head_json":{"title":"Sobre nosotros | Casado Gonzalez S.L.","description":"Casado Gonz\u00e1lez es una newsletter que se manda cada luna llena. En ella, te contamos todo lo que nos parece superinteresante.","robots":{"index":"index","follow":"follow","max-snippet":"max-snippet:-1","max-image-preview":"max-image-preview:large","max-video-preview":"max-video-preview:-1"},"canonical":"https:\/\/casadogonzalez.com\/?page_id=93","og_locale":"es_ES","og_type":"article","og_title":"Sobre nosotros | Casado Gonzalez S.L.","og_description":"Casado Gonz\u00e1lez es una newsletter que se manda cada luna llena. En ella, te contamos todo lo que nos parece superinteresante.","og_url":"https:\/\/casadogonzalez.com\/?page_id=93","og_site_name":"Casado Gonzalez S.L.","article_modified_time":"2024-05-16T07:38:36+00:00","twitter_card":"summary_large_image","twitter_misc":{"Tiempo de lectura":"1 minuto"},"schema":{"@context":"https:\/\/schema.org","@graph":[{"@type":"WebPage","@id":"https:\/\/casadogonzalez.com\/?page_id=93","url":"https:\/\/casadogonzalez.com\/?page_id=93","name":"Sobre nosotros | Casado Gonzalez S.L.","isPartOf":{"@id":"https:\/\/casadogonzalez.com\/#website"},"datePublished":"2024-04-24T13:47:46+00:00","dateModified":"2024-05-16T07:38:36+00:00","description":"Casado Gonz\u00e1lez es una newsletter que se manda cada luna llena. En ella, te contamos todo lo que nos parece superinteresante.","breadcrumb":{"@id":"https:\/\/casadogonzalez.com\/?page_id=93#breadcrumb"},"inLanguage":"es","potentialAction":[{"@type":"ReadAction","target":["https:\/\/casadogonzalez.com\/?page_id=93"]}]},{"@type":"BreadcrumbList","@id":"https:\/\/casadogonzalez.com\/?page_id=93#breadcrumb","itemListElement":[{"@type":"ListItem","position":1,"name":"Portada","item":"https:\/\/casadogonzalez.com\/"},{"@type":"ListItem","position":2,"name":"Nosotros"}]},{"@type":"WebSite","@id":"https:\/\/casadogonzalez.com\/#website","url":"https:\/\/casadogonzalez.com\/","name":"Casado Gonzalez S.L.","description":"La newsletter que no necesitas","potentialAction":[{"@type":"SearchAction","target":{"@type":"EntryPoint","urlTemplate":"https:\/\/casadogonzalez.com\/?s={search_term_string}"},"query-input":"required name=search_term_string"}],"inLanguage":"es"}]}},"_links":{"self":[{"href":"https:\/\/casadogonzalez.com\/index.php?rest_route=\/wp\/v2\/pages\/93","targetHints":{"allow":["GET"]}}],"collection":[{"href":"https:\/\/casadogonzalez.com\/index.php?rest_route=\/wp\/v2\/pages"}],"about":[{"href":"https:\/\/casadogonzalez.com\/index.php?rest_route=\/wp\/v2\/types\/page"}],"author":[{"embeddable":true,"href":"https:\/\/casadogonzalez.com\/index.php?rest_route=\/wp\/v2\/users\/2"}],"replies":[{"embeddable":true,"href":"https:\/\/casadogonzalez.com\/index.php?rest_route=%2Fwp%2Fv2%2Fcomments&post=93"}],"version-history":[{"count":28,"href":"https:\/\/casadogonzalez.com\/index.php?rest_route=\/wp\/v2\/pages\/93\/revisions"}],"predecessor-version":[{"id":163,"href":"https:\/\/casadogonzalez.com\/index.php?rest_route=\/wp\/v2\/pages\/93\/revisions\/163"}],"wp:attachment":[{"href":"https:\/\/casadogonzalez.com\/index.php?rest_route=%2Fwp%2Fv2%2Fmedia&parent=93"}],"curies":[{"name":"wp","href":"https:\/\/api.w.org\/{rel}","templated":true}]}}